{"id":1364,"date":"2023-12-22T16:25:10","date_gmt":"2023-12-22T15:25:10","guid":{"rendered":"https:\/\/electrogo.ch\/wp\/?page_id=1364"},"modified":"2023-12-22T16:44:38","modified_gmt":"2023-12-22T15:44:38","slug":"elementor-1364","status":"publish","type":"page","link":"https:\/\/electrogo.ch\/wp\/elementor-1364\/","title":{"rendered":"Solaire photovolta\u00efque"},"content":{"rendered":"\t\t<div data-elementor-type=\"wp-page\" data-elementor-id=\"1364\" class=\"elementor elementor-1364\" data-elementor-settings=\"[]\">\n\t\t\t\t\t\t<div class=\"elementor-inner\">\n\t\t\t\t\t\t\t<div class=\"elementor-section-wrap\">\n\t\t\t\t\t\t\t<section class=\"elementor-section elementor-top-section elementor-element elementor-element-86bc0ba elementor-section-boxed elementor-section-height-default elementor-section-height-default\" data-id=\"86bc0ba\" data-element_type=\"section\">\n\t\t\t\t\t\t<div class=\"elementor-container elementor-column-gap-default\">\n\t\t\t\t\t\t\t<div class=\"elementor-row\">\n\t\t\t\t\t<div class=\"elementor-column elementor-col-50 elementor-top-column elementor-element elementor-element-efdb650\" data-id=\"efdb650\" data-element_type=\"column\">\n\t\t\t<div class=\"elementor-column-wrap elementor-element-populated\">\n\t\t\t\t\t\t\t<div class=\"elementor-widget-wrap\">\n\t\t\t\t\t\t<div class=\"elementor-element elementor-element-67f6e99 elementor-widget elementor-widget-heading\" data-id=\"67f6e99\" data-element_type=\"widget\" data-widget_type=\"heading.default\">\n\t\t\t\t<div class=\"elementor-widget-container\">\n\t\t\t<h2 class=\"elementor-heading-title elementor-size-default\">Votre projet solaire<\/h2>\t\t<\/div>\n\t\t\t\t<\/div>\n\t\t\t\t<div class=\"elementor-element elementor-element-aa66306 elementor-widget elementor-widget-text-editor\" data-id=\"aa66306\" data-element_type=\"widget\" data-widget_type=\"text-editor.default\">\n\t\t\t\t<div class=\"elementor-widget-container\">\n\t\t\t\t\t\t\t\t<div class=\"elementor-text-editor elementor-clearfix\">\n\t\t\t\t<p>Nous vous proposons des installations solaires photovolta\u00efques clef en main.<\/p><p>Du conseil \u00e0 la mise en service en passant par les phases de contr\u00f4le et d&rsquo;audit sans oublier l&rsquo;optimisation de l\u2019autoconsommation, nous avons toutes les comp\u00e9tences \u00e0 l&rsquo;interne de notre entreprise pour vous fournir une installation qui r\u00e9ponde \u00e0 vos besoins.<\/p><p>Pour les curieux: Vous trouverez le potentiel de votre toiture sur le simulateur ci-contre.<\/p><p>Nous nous tenons \u00e0 disposition pour toutes informations compl\u00e9mentaires. N&rsquo;h\u00e9sitez pas \u00e0 nous demander un devis.<\/p>\t\t\t\t\t<\/div>\n\t\t\t\t\t\t<\/div>\n\t\t\t\t<\/div>\n\t\t\t\t\t\t<\/div>\n\t\t\t\t\t<\/div>\n\t\t<\/div>\n\t\t\t\t<div class=\"elementor-column elementor-col-50 elementor-top-column elementor-element elementor-element-4ff7fa4\" data-id=\"4ff7fa4\" data-element_type=\"column\">\n\t\t\t<div class=\"elementor-column-wrap elementor-element-populated\">\n\t\t\t\t\t\t\t<div class=\"elementor-widget-wrap\">\n\t\t\t\t\t\t<div class=\"elementor-element elementor-element-8f35c05 elementor-widget elementor-widget-html\" data-id=\"8f35c05\" data-element_type=\"widget\" data-widget_type=\"html.default\">\n\t\t\t\t<div class=\"elementor-widget-container\">\n\t\t\t<iframe id='sonnendachCH' width='650' height='450' src='\/\/www.uvek-gis.admin.ch\/BFE\/sonnendach\/loader.html?E=2567550&N=1224887&zoom=3&lang=fr' style='outline: none; border: 0;' frameborder='0'><\/iframe>\t\t<\/div>\n\t\t\t\t<\/div>\n\t\t\t\t\t\t<\/div>\n\t\t\t\t\t<\/div>\n\t\t<\/div>\n\t\t\t\t\t\t\t\t<\/div>\n\t\t\t\t\t<\/div>\n\t\t<\/section>\n\t\t\t\t<section class=\"elementor-section elementor-top-section elementor-element elementor-element-0a6b4c9 elementor-section-boxed elementor-section-height-default elementor-section-height-default\" data-id=\"0a6b4c9\" data-element_type=\"section\">\n\t\t\t\t\t\t<div class=\"elementor-container elementor-column-gap-default\">\n\t\t\t\t\t\t\t<div class=\"elementor-row\">\n\t\t\t\t\t<div class=\"elementor-column elementor-col-100 elementor-top-column elementor-element elementor-element-68b510e\" data-id=\"68b510e\" data-element_type=\"column\">\n\t\t\t<div class=\"elementor-column-wrap elementor-element-populated\">\n\t\t\t\t\t\t\t<div class=\"elementor-widget-wrap\">\n\t\t\t\t\t\t<div class=\"elementor-element elementor-element-27cb2dc elementor-widget elementor-widget-heading\" data-id=\"27cb2dc\" data-element_type=\"widget\" data-widget_type=\"heading.default\">\n\t\t\t\t<div class=\"elementor-widget-container\">\n\t\t\t<h2 class=\"elementor-heading-title elementor-size-default\">Quelques r\u00e9alisations<\/h2>\t\t<\/div>\n\t\t\t\t<\/div>\n\t\t\t\t<div class=\"elementor-element elementor-element-4b075a9 elementor-widget elementor-widget-image-gallery\" data-id=\"4b075a9\" data-element_type=\"widget\" data-widget_type=\"image-gallery.default\">\n\t\t\t\t<div class=\"elementor-widget-container\">\n\t\t\t\t\t<div class=\"elementor-image-gallery\">\n\t\t\t<div id='gallery-1' class='gallery galleryid-1364 gallery-columns-4 gallery-size-thumbnail'><figure class='gallery-item'>\n\t\t\t<div class='gallery-icon landscape'>\n\t\t\t\t<a data-elementor-open-lightbox=\"yes\" data-elementor-lightbox-slideshow=\"4b075a9\" data-elementor-lightbox-title=\"Capture d&#039;\u00e9cran 2023-12-22 162910\" href='https:\/\/electrogo.ch\/wp\/wp-content\/uploads\/2023\/12\/Capture-decran-2023-12-22-162910.png'><img width=\"150\" height=\"150\" src=\"https:\/\/electrogo.ch\/wp\/wp-content\/uploads\/2023\/12\/Capture-decran-2023-12-22-162910-150x150.png\" class=\"attachment-thumbnail size-thumbnail\" alt=\"\" loading=\"lazy\" \/><\/a>\n\t\t\t<\/div><\/figure><figure class='gallery-item'>\n\t\t\t<div class='gallery-icon landscape'>\n\t\t\t\t<a data-elementor-open-lightbox=\"yes\" data-elementor-lightbox-slideshow=\"4b075a9\" data-elementor-lightbox-title=\"Capture d&#039;\u00e9cran 2023-12-22 163359\" href='https:\/\/electrogo.ch\/wp\/wp-content\/uploads\/2023\/12\/Capture-decran-2023-12-22-163359.png'><img width=\"150\" height=\"150\" src=\"https:\/\/electrogo.ch\/wp\/wp-content\/uploads\/2023\/12\/Capture-decran-2023-12-22-163359-150x150.png\" class=\"attachment-thumbnail size-thumbnail\" alt=\"\" loading=\"lazy\" \/><\/a>\n\t\t\t<\/div><\/figure><figure class='gallery-item'>\n\t\t\t<div class='gallery-icon landscape'>\n\t\t\t\t<a data-elementor-open-lightbox=\"yes\" data-elementor-lightbox-slideshow=\"4b075a9\" data-elementor-lightbox-title=\"Capture d&#039;\u00e9cran 2023-12-22 162730\" href='https:\/\/electrogo.ch\/wp\/wp-content\/uploads\/2023\/12\/Capture-decran-2023-12-22-162730.png'><img width=\"150\" height=\"150\" src=\"https:\/\/electrogo.ch\/wp\/wp-content\/uploads\/2023\/12\/Capture-decran-2023-12-22-162730-150x150.png\" class=\"attachment-thumbnail size-thumbnail\" alt=\"\" loading=\"lazy\" \/><\/a>\n\t\t\t<\/div><\/figure><figure class='gallery-item'>\n\t\t\t<div class='gallery-icon landscape'>\n\t\t\t\t<a data-elementor-open-lightbox=\"yes\" data-elementor-lightbox-slideshow=\"4b075a9\" data-elementor-lightbox-title=\"Capture d&#039;\u00e9cran 2023-12-22 163021\" href='https:\/\/electrogo.ch\/wp\/wp-content\/uploads\/2023\/12\/Capture-decran-2023-12-22-163021.png'><img width=\"150\" height=\"150\" src=\"https:\/\/electrogo.ch\/wp\/wp-content\/uploads\/2023\/12\/Capture-decran-2023-12-22-163021-150x150.png\" class=\"attachment-thumbnail size-thumbnail\" alt=\"\" loading=\"lazy\" \/><\/a>\n\t\t\t<\/div><\/figure><figure class='gallery-item'>\n\t\t\t<div class='gallery-icon landscape'>\n\t\t\t\t<a data-elementor-open-lightbox=\"yes\" data-elementor-lightbox-slideshow=\"4b075a9\" data-elementor-lightbox-title=\"Capture d&#039;\u00e9cran 2023-12-22 163038\" href='https:\/\/electrogo.ch\/wp\/wp-content\/uploads\/2023\/12\/Capture-decran-2023-12-22-163038.png'><img width=\"150\" height=\"150\" src=\"https:\/\/electrogo.ch\/wp\/wp-content\/uploads\/2023\/12\/Capture-decran-2023-12-22-163038-150x150.png\" class=\"attachment-thumbnail size-thumbnail\" alt=\"\" loading=\"lazy\" \/><\/a>\n\t\t\t<\/div><\/figure><figure class='gallery-item'>\n\t\t\t<div class='gallery-icon landscape'>\n\t\t\t\t<a data-elementor-open-lightbox=\"yes\" data-elementor-lightbox-slideshow=\"4b075a9\" data-elementor-lightbox-title=\"Capture d&#039;\u00e9cran 2023-12-22 163313\" href='https:\/\/electrogo.ch\/wp\/wp-content\/uploads\/2023\/12\/Capture-decran-2023-12-22-163313.png'><img width=\"150\" height=\"150\" src=\"https:\/\/electrogo.ch\/wp\/wp-content\/uploads\/2023\/12\/Capture-decran-2023-12-22-163313-150x150.png\" class=\"attachment-thumbnail size-thumbnail\" alt=\"\" loading=\"lazy\" \/><\/a>\n\t\t\t<\/div><\/figure><figure class='gallery-item'>\n\t\t\t<div class='gallery-icon landscape'>\n\t\t\t\t<a data-elementor-open-lightbox=\"yes\" data-elementor-lightbox-slideshow=\"4b075a9\" data-elementor-lightbox-title=\"Capture d&#039;\u00e9cran 2023-12-22 162942\" href='https:\/\/electrogo.ch\/wp\/wp-content\/uploads\/2023\/12\/Capture-decran-2023-12-22-162942.png'><img width=\"150\" height=\"150\" src=\"https:\/\/electrogo.ch\/wp\/wp-content\/uploads\/2023\/12\/Capture-decran-2023-12-22-162942-150x150.png\" class=\"attachment-thumbnail size-thumbnail\" alt=\"\" loading=\"lazy\" \/><\/a>\n\t\t\t<\/div><\/figure><figure class='gallery-item'>\n\t\t\t<div class='gallery-icon landscape'>\n\t\t\t\t<a data-elementor-open-lightbox=\"yes\" data-elementor-lightbox-slideshow=\"4b075a9\" data-elementor-lightbox-title=\"Capture d&#039;\u00e9cran 2023-12-22 162824\" href='https:\/\/electrogo.ch\/wp\/wp-content\/uploads\/2023\/12\/Capture-decran-2023-12-22-162824.png'><img width=\"150\" height=\"150\" src=\"https:\/\/electrogo.ch\/wp\/wp-content\/uploads\/2023\/12\/Capture-decran-2023-12-22-162824-150x150.png\" class=\"attachment-thumbnail size-thumbnail\" alt=\"\" loading=\"lazy\" \/><\/a>\n\t\t\t<\/div><\/figure>\n\t\t<\/div>\n\t\t<\/div>\n\t\t\t\t<\/div>\n\t\t\t\t<\/div>\n\t\t\t\t\t\t<\/div>\n\t\t\t\t\t<\/div>\n\t\t<\/div>\n\t\t\t\t\t\t\t\t<\/div>\n\t\t\t\t\t<\/div>\n\t\t<\/section>\n\t\t\t\t\t\t<\/div>\n\t\t\t\t\t\t<\/div>\n\t\t\t\t\t<\/div>\n\t\t","protected":false},"excerpt":{"rendered":"<p>Votre projet solaire Nous vous proposons des installations solaires photovolta\u00efques clef en main. Du conseil \u00e0 la mise en service en passant par les phases de contr\u00f4le et d&rsquo;audit sans oublier l&rsquo;optimisation de l\u2019autoconsommation, nous avons toutes les comp\u00e9tences \u00e0 l&rsquo;interne de notre entreprise pour vous fournir une installation qui r\u00e9ponde \u00e0 vos besoins. Pour [&hellip;]<\/p>\n","protected":false},"author":1,"featured_media":0,"parent":0,"menu_order":0,"comment_status":"closed","ping_status":"closed","template":"elementor_header_footer","meta":[],"_links":{"self":[{"href":"https:\/\/electrogo.ch\/wp\/wp-json\/wp\/v2\/pages\/1364"}],"collection":[{"href":"https:\/\/electrogo.ch\/wp\/wp-json\/wp\/v2\/pages"}],"about":[{"href":"https:\/\/electrogo.ch\/wp\/wp-json\/wp\/v2\/types\/page"}],"author":[{"embeddable":true,"href":"https:\/\/electrogo.ch\/wp\/wp-json\/wp\/v2\/users\/1"}],"replies":[{"embeddable":true,"href":"https:\/\/electrogo.ch\/wp\/wp-json\/wp\/v2\/comments?post=1364"}],"version-history":[{"count":11,"href":"https:\/\/electrogo.ch\/wp\/wp-json\/wp\/v2\/pages\/1364\/revisions"}],"predecessor-version":[{"id":1404,"href":"https:\/\/electrogo.ch\/wp\/wp-json\/wp\/v2\/pages\/1364\/revisions\/1404"}],"wp:attachment":[{"href":"https:\/\/electrogo.ch\/wp\/wp-json\/wp\/v2\/media?parent=1364"}],"curies":[{"name":"wp","href":"https:\/\/api.w.org\/{rel}","templated":true}]}}